{"id":307,"date":"2021-08-17T12:36:41","date_gmt":"2021-08-17T10:36:41","guid":{"rendered":"https:\/\/bluetemitstil.de\/?page_id=307"},"modified":"2026-04-08T01:11:33","modified_gmt":"2026-04-07T23:11:33","slug":"gartengestaltung","status":"publish","type":"page","link":"https:\/\/bluetemitstil.de\/en\/leistungen\/geschaeftskunden\/gartengestaltung\/","title":{"rendered":"Garden design"},"content":{"rendered":"<div class=\"brz brz-root__container brz-reset-all brz-root__container-page\">\n<section id=\"psmfipltqbpowfpmuoupybmcdfjiwwowffik_psmfipltqbpowfpmuoupybmcdfjiwwowffik\" class=\"brz-section brz-css-d-section brz-css-1k5s35y\">\n<div class=\"brz-section__content brz-section--boxed brz-css-d-sectionitem-bg brz-css-g8sjv1\" data-brz-custom-id=\"ogrbideicmyczrswrmzegmisdslufyhdwtrd\">\n<div class=\"brz-bg\">\n<div class=\"brz-bg-image\"><\/div>\n<\/div>\n<div class=\"brz-container brz-css-d-sectionitem-container brz-css-1kp3mdx\">\n<div id=\"\" class=\"brz-css-d-wrapper brz-css-r-wrapper brz-css-1ov4gcb brz-wrapper\">\n<div class=\"brz-spacer brz-css-d-spacer brz-css-1uaitj4\"><\/div>\n<\/div>\n<div id=\"\" data-brz-iteration-count=\"1\" class=\"brz-css-d-wrapper brz-css-eoawds brz-wrapper brz-animated brz-css-d-wrapper-animation-fadeindown-1000-0-false brz-css-nq52k5\" data-animationid=\"rtvnmjnliomxpselpoaibqeiygiarmdrpbzm\">\n<div class=\"brz-rich-text brz-rich-text__custom brz-css-d-richtext brz-css-10j0gvn\" data-brz-custom-id=\"euczxuujjjnxnlkugtunnggwwerpuvmhozsc\">\n<div data-brz-translate-text=\"1\">\n<p class=\"brz-tp-lg-heading1 brz-lh-xs-2 brz-fs-xs-14 brz-text-lg-center brz-css-xHTmA\" data-generated-css=\"brz-css-njhpn\" data-uniq-id=\"giizx\"><span class=\"brz-cp-color8\">GARTENGESTALTUNG<\/span><\/p>\n<\/div>\n<\/div>\n<\/div>\n<div id=\"\" class=\"brz-css-d-wrapper brz-css-r-wrapper brz-css-106l0z7 brz-wrapper\">\n<div class=\"brz-spacer brz-css-d-spacer brz-css-1ru37uz\"><\/div>\n<\/div>\n<\/div>\n<\/div>\n<\/section>\n<section id=\"gxxcpdbzuxcgrgemghjrocwrigveoktawpwk_gxxcpdbzuxcgrgemghjrocwrigveoktawpwk\" class=\"brz-section brz-css-d-section brz-css-1l545pi\">\n<div class=\"brz-section__content brz-section--boxed brz-css-d-sectionitem-bg brz-css-1row87l\" data-brz-custom-id=\"ewyfvmobfftakwotedqevrtseogfhfyesobd\">\n<div class=\"brz-container brz-css-d-sectionitem-container brz-css-cag3jq\">\n<div id=\"\" class=\"brz-css-d-wrapper brz-css-asihxh brz-wrapper\">\n<div class=\"brz-wp__breadcrumbs brz-css-d-wpbreadcrumbs brz-css-1p3i7e8\" data-brz-custom-id=\"ldloxvykxsiwgvyuvprhbghlebckokgejvix\">\n<div style=\"min-height:20px\"><\/div>\n<\/div>\n<\/div>\n<div id=\"\" class=\"brz-css-d-wrapper brz-css-r-wrapper brz-css-1vr241 brz-wrapper\">\n<div class=\"brz-spacer brz-css-d-spacer brz-css-3e1ah0\"><\/div>\n<\/div>\n<div id=\"\" class=\"brz-css-d-wrapper brz-css-19fz2o7 brz-wrapper\">\n<div class=\"brz-image brz-css-d-image-wbsoiyqagztrhiltgloydywmeyfwpvyyhxsh-parent brz-css-1dsm42s\" data-brz-custom-id=\"wbsoiyqagztrhiltgloydywmeyfwpvyyhxsh\"><source srcset=\"https:\/\/bluetemitstil.de\/wp-content\/uploads\/brizy\/imgs\/2e5f9f951ea924e81182a84b55bd6fdf-59x59x0x0x59x59x1731976882.png 1x, https:\/\/bluetemitstil.de\/wp-content\/uploads\/brizy\/imgs\/2e5f9f951ea924e81182a84b55bd6fdf-118x118x0x0x118x118x1731976882.png 2x\" media=\"(min-width: 992px)\"><source srcset=\"https:\/\/bluetemitstil.de\/wp-content\/uploads\/brizy\/imgs\/2e5f9f951ea924e81182a84b55bd6fdf-38x38x0x0x38x38x1731976882.png 1x, https:\/\/bluetemitstil.de\/wp-content\/uploads\/brizy\/imgs\/2e5f9f951ea924e81182a84b55bd6fdf-76x76x0x0x76x76x1731976882.png 2x\" media=\"(min-width: 768px)\"><img decoding=\"async\" class=\"brz-img\" src=\"https:\/\/images.bluetemitstil.de\/wp-content\/uploads\/brizy\/imgs\/2e5f9f951ea924e81182a84b55bd6fdf-59x59x0x0x59x59x1731976882.png?strip=all&w=1200\" loading=\"lazy\" title=\"Eine wei\u00dfe Lampe auf wei\u00dfem Hintergrund.\"><\/div>\n<\/div>\n<div class=\"brz-row__container brz-css-d-row-row brz-css-ugr33f\" data-brz-custom-id=\"zwrdsxxdjobkkjveolirgowdpjigipbkketd\">\n<div class=\"brz-row brz-css-d-row-container brz-css-r-row-container brz-css-5ap7wp\">\n<div class=\"brz-columns brz-css-d-column-column brz-css-159x9go\" data-brz-custom-id=\"neayoeujrlkppcivsiivzqvungywlupzanov\">\n<div class=\"brz-column__items brz-css-d-column-bg brz-css-1hls1f3\">\n<div id=\"\" class=\"brz-css-d-wrapper brz-css-4fbb5z brz-wrapper\">\n<div class=\"brz-rich-text brz-rich-text__custom brz-css-d-richtext brz-css-1oybb8a\" data-brz-custom-id=\"xlwthfrpkxntpkkauvmlsptvrzfvlrxpnmvt\">\n<div data-brz-translate-text=\"1\">\n<p class=\"brz-tp-lg-paragraph brz-text-lg-center brz-css-wYqca\" data-uniq-id=\"fmwsu\" data-generated-css=\"brz-css-hcrxf\">Unser Gartenbau erf\u00fcllt all Ihre W\u00fcnsche hinsichtlich B\u00e4umen, Str\u00e4ucher, Pflanzen und Blumen und die erforderliche Technik zur Gartenpflege.<\/p>\n<p class=\"brz-tp-lg-paragraph brz-text-lg-center brz-css-r359j\" data-uniq-id=\"fmwsu\" data-generated-css=\"brz-css-hcrxf\">\n<p class=\"brz-tp-lg-paragraph brz-text-lg-center brz-css-mihJ7\" data-uniq-id=\"lkxjh\" data-generated-css=\"brz-css-zobop\">Gerne sind wir auch in diesem Bereich gestalterisch f\u00fcr sie t\u00e4tig.<\/p>\n<p class=\"brz-tp-lg-paragraph brz-text-lg-center brz-css-qxqlc\" data-uniq-id=\"lkxjh\" data-generated-css=\"brz-css-zobop\">\n<p class=\"brz-tp-lg-paragraph brz-text-lg-center brz-css-y1C4y\" data-uniq-id=\"tybmd\" data-generated-css=\"brz-css-nusyb\">Sprechen Sie uns gerne auf die individuell anpassbaren Pakete an, <\/p>\n<p class=\"brz-tp-lg-paragraph brz-text-lg-center brz-css-ukFHK\" data-uniq-id=\"tybmd\" data-generated-css=\"brz-css-nusyb\">wir stehen ihnen mit Rat und Tat zur Seite.<\/p>\n<\/div>\n<\/div>\n<\/div>\n<div id=\"\" class=\"brz-css-d-wrapper brz-css-r-wrapper brz-css-j5bfja brz-wrapper\">\n<div class=\"brz-spacer brz-css-d-spacer brz-css-z0m2ol\"><\/div>\n<\/div>\n<div id=\"\" class=\"brz-css-d-wrapper brz-css-audeyd brz-wrapper\">\n<div class=\"brz-line brz-line-default brz-css-d-line brz-css-dhqcnw\" data-brz-custom-id=\"akziyshymbqtoukkfmldltlkfegdtffimvfj\">\n<hr class=\"brz-hr\"><\/div>\n<\/div>\n<div id=\"\" class=\"brz-css-d-wrapper brz-css-r-wrapper brz-css-aa8brt brz-wrapper\">\n<div class=\"brz-spacer brz-css-d-spacer brz-css-odl8cq\"><\/div>\n<\/div>\n<div id=\"\" class=\"brz-css-d-wrapper brz-css-18tnsi brz-wrapper\">\n<div class=\"brz-rich-text brz-rich-text__custom brz-css-d-richtext brz-css-h2dz4b\" data-brz-custom-id=\"ofgllupeycsaydyqfdemzxpcxoniozvrbtho\">\n<div data-brz-translate-text=\"1\">\n<p class=\"brz-text-lg-center brz-fss-lg-px brz-fw-lg-400 brz-ls-lg-0 brz-lh-lg-1_9 brz-tp-lg-empty brz-ff-dancing_script brz-ft-google brz-fs-lg-30 brz-css-uwwWe\" data-generated-css=\"brz-css-slaeg\" data-uniq-id=\"rfplj\">B\u00e4ume sind Gedichte, die die Erde in den Himmel schreibt.<\/p>\n<p class=\"brz-text-lg-center brz-fss-lg-px brz-fw-lg-400 brz-ls-lg-0 brz-lh-lg-1_9 brz-tp-lg-empty brz-ff-overpass brz-ft-google brz-fs-lg-13 brz-css-gNdTj\" data-uniq-id=\"asrld\" data-generated-css=\"brz-css-ztxrs\">KHALIL GIBRAN<\/p>\n<\/div>\n<\/div>\n<\/div>\n<\/div>\n<\/div>\n<\/div>\n<\/div>\n<div id=\"\" class=\"brz-css-d-wrapper brz-css-17okr8u brz-wrapper\">\n<div class=\"brz-image brz-css-d-image-zdctjbdejphcxcrnuhdotakmphauxieabgvk-parent brz-css-1mxuzaf\" data-brz-custom-id=\"zdctjbdejphcxcrnuhdotakmphauxieabgvk\"><source srcset=\"https:\/\/bluetemitstil.de\/wp-content\/uploads\/brizy\/imgs\/2e5f9f951ea924e81182a84b55bd6fdf-59x59x0x0x59x59x1731976882.png 1x, https:\/\/bluetemitstil.de\/wp-content\/uploads\/brizy\/imgs\/2e5f9f951ea924e81182a84b55bd6fdf-118x118x0x0x118x118x1731976882.png 2x\" media=\"(min-width: 992px)\"><source srcset=\"https:\/\/bluetemitstil.de\/wp-content\/uploads\/brizy\/imgs\/2e5f9f951ea924e81182a84b55bd6fdf-38x38x0x0x38x38x1731976882.png 1x, https:\/\/bluetemitstil.de\/wp-content\/uploads\/brizy\/imgs\/2e5f9f951ea924e81182a84b55bd6fdf-76x76x0x0x76x76x1731976882.png 2x\" media=\"(min-width: 768px)\"><img decoding=\"async\" class=\"brz-img\" src=\"https:\/\/images.bluetemitstil.de\/wp-content\/uploads\/brizy\/imgs\/2e5f9f951ea924e81182a84b55bd6fdf-59x59x0x0x59x59x1731976882.png?strip=all&w=1200\" loading=\"lazy\" title=\"Eine wei\u00dfe Lampe auf wei\u00dfem Hintergrund.\"><\/div>\n<\/div>\n<div id=\"\" class=\"brz-css-d-wrapper brz-css-1ah5zu5 brz-wrapper\">\n<div class=\"brz-wp-shortcode brz-css-d-wpcustomshortcode brz-css-j3lgkj\" data-brz-custom-id=\"surpjjeuzkqaglcymabprcfqtvcgbipwdfum\">\n<div><div id=\"envira-gallery-wrap-2572\" class=\"envira-gallery-wrap envira-lazy-loading-enabled envira-layout-mason envira-gallery-theme-base\" itemscope itemtype=\"https:\/\/schema.org\/ImageGallery\"><div class=\"envira-loader\"><div><\/div><div><\/div><div><\/div><div><\/div><\/div><div id=\"envira-gallery-2572\" class=\"envira-gallery-public envira-gallery-4-columns envira-clear enviratope\" data-envira-id=\"2572\" data-gallery-config='{\"sort_order\":\"src\",\"type\":\"default\",\"layout\":\"mason\",\"columns\":\"4\",\"gallery_theme\":\"base\",\"justified_margins\":1,\"justified_last_row\":\"nojustify\",\"lazy_loading\":1,\"lazy_loading_delay\":500,\"gutter\":10,\"gutter_mobile\":0,\"margin\":10,\"image_size\":\"default\",\"square_size\":300,\"crop_width\":640,\"crop_height\":480,\"crop\":0,\"crop_position\":\"c\",\"show_more_text\":\"Click for more\",\"additional_copy_0\":0,\"additional_copy_title\":0,\"additional_copy_caption\":0,\"additional_copy_title_caption\":0,\"additional_copy_0_mobile\":0,\"additional_copy_title_mobile\":0,\"additional_copy_caption_mobile\":0,\"additional_copy_title_caption_mobile\":0,\"gallery_column_title_caption\":\"0\",\"gallery_column_title_caption_mobile\":\"0\",\"additional_copy_automatic_0\":0,\"additional_copy_automatic_title\":0,\"additional_copy_automatic_caption\":0,\"additional_copy_automatic_title_caption\":0,\"additional_copy_automatic_0_mobile\":0,\"additional_copy_automatic_title_mobile\":0,\"additional_copy_automatic_caption_mobile\":0,\"additional_copy_automatic_title_caption_mobile\":0,\"gallery_automatic_title_caption\":\"0\",\"gallery_automatic_title_caption_mobile\":\"0\",\"justified_row_height\":150,\"description_position\":\"0\",\"description\":\"\",\"random\":\"src\",\"sorting_direction\":\"ASC\",\"image_sizes_random\":[],\"isotope\":true,\"lightbox_enabled\":1,\"gallery_link_enabled\":1,\"lightbox_theme\":\"base_dark\",\"lightbox_image_size\":\"default\",\"title_display\":\"float\",\"lightbox_title_caption\":\"title\",\"arrows\":1,\"arrows_position\":\"inside\",\"toolbar\":0,\"toolbar_title\":0,\"toolbar_position\":\"top\",\"loop\":1,\"lightbox_open_close_effect\":\"fade\",\"effect\":\"fade\",\"supersize\":0,\"thumbnails_toggle\":0,\"thumbnails_hide\":0,\"image_counter\":0,\"lightbox_html_caption\":0,\"thumbnails\":1,\"thumbnails_width\":\"auto\",\"thumbnails_height\":\"auto\",\"thumbnails_position\":\"bottom\",\"thumbnails_custom_size\":0,\"mobile\":1,\"mobile_width\":320,\"mobile_height\":240,\"mobile_lightbox\":1,\"mobile_gallery_link_enabled\":0,\"mobile_arrows\":1,\"mobile_toolbar\":1,\"mobile_thumbnails\":1,\"mobile_touchwipe_close\":0,\"mobile_thumbnails_width\":75,\"mobile_thumbnails_height\":50,\"mobile_justified_row_height\":80,\"keyboard\":true,\"standalone_template\":\"\",\"classes\":[\"\"],\"rtl\":0,\"slug\":\"gartengestaltung\",\"tags\":0,\"tags_filter\":false,\"tags_position\":\"above\",\"tags_all_enabled\":1,\"tags_all\":\"Alle\",\"tags_sorting\":\"\",\"tags_manual_sorting\":[\"\",\"36\"],\"tags_display\":\"\",\"tags_scroll\":0,\"tags_mobile\":1,\"tags_count\":0,\"gallery_id\":\"2572\"}' data-gallery-images='[{\"status\":\"active\",\"src\":\"https:\\\/\\\/images.bluetemitstil.de\\\/wp-content\\\/uploads\\\/2025\\\/07\\\/PHOTO-2021-06-10-20-06-11-2.jpg?strip=all\",\"title\":\"PHOTO-2021-06-10-20-06-11-2\",\"link\":\"https:\\\/\\\/images.bluetemitstil.de\\\/wp-content\\\/uploads\\\/2025\\\/07\\\/PHOTO-2021-06-10-20-06-11-2.jpg?strip=all\",\"alt\":\"\",\"caption\":false,\"thumb\":\"https:\\\/\\\/images.bluetemitstil.de\\\/wp-content\\\/uploads\\\/2025\\\/07\\\/PHOTO-2021-06-10-20-06-11-2-75x50_c.jpg?strip=all\",\"tags\":{\"27\":\"gartengestaltung\"},\"meta\":{\"aperture\":null,\"credit\":null,\"camera\":null,\"caption\":\"\",\"created_timestamp\":null,\"copyright\":null,\"focal_length\":null,\"iso\":null,\"shutter_speed\":null,\"title\":\"\",\"orientation\":null,\"keywords\":null,\"resized_images\":null},\"thumbnail\":\"https:\\\/\\\/images.bluetemitstil.de\\\/wp-content\\\/uploads\\\/2025\\\/07\\\/PHOTO-2021-06-10-20-06-11-2-150x150.jpg?strip=all\",\"medium\":\"https:\\\/\\\/images.bluetemitstil.de\\\/wp-content\\\/uploads\\\/2025\\\/07\\\/PHOTO-2021-06-10-20-06-11-2-225x300.jpg?strip=all\",\"medium_large\":\"https:\\\/\\\/images.bluetemitstil.de\\\/wp-content\\\/uploads\\\/2025\\\/07\\\/PHOTO-2021-06-10-20-06-11-2-768x1024.jpg?strip=all\",\"large\":\"https:\\\/\\\/images.bluetemitstil.de\\\/wp-content\\\/uploads\\\/2025\\\/07\\\/PHOTO-2021-06-10-20-06-11-2-768x1024.jpg?strip=all\",\"1536x1536\":\"https:\\\/\\\/images.bluetemitstil.de\\\/wp-content\\\/uploads\\\/2025\\\/07\\\/PHOTO-2021-06-10-20-06-11-2-1152x1536.jpg?strip=all\",\"2048x2048\":\"https:\\\/\\\/images.bluetemitstil.de\\\/wp-content\\\/uploads\\\/2025\\\/07\\\/PHOTO-2021-06-10-20-06-11-2.jpg?strip=all\",\"trp-custom-language-flag\":\"https:\\\/\\\/images.bluetemitstil.de\\\/wp-content\\\/uploads\\\/2025\\\/07\\\/PHOTO-2021-06-10-20-06-11-2-9x12.jpg?strip=all\",\"full\":\"https:\\\/\\\/images.bluetemitstil.de\\\/wp-content\\\/uploads\\\/2025\\\/07\\\/PHOTO-2021-06-10-20-06-11-2.jpg?strip=all\",\"index\":0,\"id\":2398,\"video\":false,\"opts\":{\"caption\":\"\",\"thumb\":\"https:\\\/\\\/images.bluetemitstil.de\\\/wp-content\\\/uploads\\\/2025\\\/07\\\/PHOTO-2021-06-10-20-06-11-2-75x50_c.jpg?strip=all\",\"title\":\"PHOTO-2021-06-10-20-06-11-2\"},\"gallery_id\":\"2572\"}]' data-lightbox-theme='{&quot;arrows&quot;:true,&quot;margins&quot;:[120,0],&quot;gutter&quot;:&quot;100&quot;,&quot;thumbs_position&quot;:&quot;bottom&quot;,&quot;base_template&quot;:&quot;&lt;div id=\\&quot;envirabox-2572\\&quot; data-envirabox-id=\\&quot;2572\\&quot; class=\\&quot;envirabox-container envirabox-theme-base_dark envirabox-wrap\\&quot; role=\\&quot;dialog\\&quot;&gt;&lt;div class=\\&quot;envirabox-bg\\&quot;&gt;&lt;\\\/div&gt;&lt;div class=\\&quot;envirabox-outer\\&quot;&gt;&lt;div class=\\&quot;envirabox-inner\\&quot;&gt;&lt;div class=\\&quot;envirabox-caption-wrap\\&quot;&gt;&lt;div class=\\&quot;envirabox-title\\&quot;&gt;&lt;\\\/div&gt;&lt;\\\/div&gt;&lt;div class=\\&quot;envirabox-toolbar\\&quot;&gt;&lt;div class=\\&quot;envira-close-button\\&quot;&gt;&lt;a data-envirabox-close class=\\&quot;envirabox-item envirabox-close envirabox-button--close\\&quot; title=\\&quot;Close\\&quot; href=\\&quot;#\\&quot;&gt;&lt;\\\/a&gt;&lt;\\\/div&gt;&lt;\\\/div&gt;&lt;div class=\\&quot;envirabox-navigation\\&quot;&gt;&lt;a data-envirabox-prev title=\\&quot;Prev\\&quot; class=\\&quot;envirabox-arrow envirabox-arrow--left envirabox-nav envirabox-prev\\&quot; href=\\&quot;#\\&quot;&gt;&lt;span&gt;&lt;\\\/span&gt;&lt;\\\/a&gt;&lt;a data-envirabox-next title=\\&quot;Next\\&quot; class=\\&quot;envirabox-arrow envirabox-arrow--right envirabox-nav envirabox-next\\&quot; href=\\&quot;#\\&quot;&gt;&lt;span&gt;&lt;\\\/span&gt;&lt;\\\/a&gt;&lt;\\\/div&gt;&lt;div class=\\&quot;envirabox-stage\\&quot;&gt;&lt;\\\/div&gt;&lt;\\\/div&gt;&lt;\\\/div&gt;&lt;\\\/div&gt;&quot;,&quot;load_all&quot;:false,&quot;error_template&quot;:&quot;&lt;div class=\\&quot;envirabox-error\\&quot;&gt;&lt;p&gt;{{ERROR}}&lt;p&gt;&lt;\\\/div&gt;&quot;,&quot;inner_caption&quot;:false,&quot;caption_position&quot;:false,&quot;arrow_position&quot;:false,&quot;toolbar&quot;:true,&quot;infobar&quot;:false,&quot;show_smallbtn&quot;:false,&quot;idle_time&quot;:false,&quot;click_content&quot;:false,&quot;click_slide&quot;:false,&quot;click_outside&quot;:false,&quot;animation_duration&quot;:false,&quot;transition_duration&quot;:false,&quot;small_btn_template&quot;:&quot;&lt;a data-envirabox-close class=\\&quot;envirabox-item envirabox-close envirabox-button--close\\&quot; title=\\&quot;Close\\&quot; href=\\&quot;#\\&quot;&gt;&lt;\\\/a&gt;&quot;}' data-parsed-attrs='{\"slug\":\"gartengestaltung\",\"cache\":true}'><div id=\"envira-gallery-item-2398\" class=\"envira-gallery-item envira-gallery-item-1 envira-lazy-load enviratope-item\" style=\"padding-left: 5px; padding-bottom: 10px; padding-right: 5px;\"  itemscope itemtype=\"https:\/\/schema.org\/ImageObject\"><div class=\"envira-gallery-item-inner\"><div class=\"envira-gallery-position-overlay envira-gallery-top-left\"><\/div><div class=\"envira-gallery-position-overlay envira-gallery-top-right\"><\/div><div class=\"envira-gallery-position-overlay envira-gallery-bottom-left\"><\/div><div class=\"envira-gallery-position-overlay envira-gallery-bottom-right\"><\/div><a class=\"envira-gallery-2572 envira-gallery-link\" href=\"https:\/\/images.bluetemitstil.de\/wp-content\/uploads\/2025\/07\/PHOTO-2021-06-10-20-06-11-2.jpg?strip=all&w=2560\" title=\"PHOTO-2021-06-10-20-06-11-2\" data-caption=\"\" data-envira-item-id=\"2398\" data-envira-retina=\"https:\/\/images.bluetemitstil.de\/wp-content\/uploads\/2025\/07\/PHOTO-2021-06-10-20-06-11-2.jpg?strip=all\" data-thumb=\"https:\/\/images.bluetemitstil.de\/wp-content\/uploads\/2025\/07\/PHOTO-2021-06-10-20-06-11-2-75x50_c.jpg\" data-title=\"PHOTO-2021-06-10-20-06-11-2\" data-envirabox='2572' itemprop=\"contentUrl\"><div class=\"envira-lazy\" style=\"padding-bottom: 75%;\" data-envira-changed=\"false\" data-width=\"640\" data-height=\"480\"><img decoding=\"async\" src=\"https:\/\/images.bluetemitstil.de\/wp-content\/uploads\/2025\/07\/PHOTO-2021-06-10-20-06-11-2-768x1024.jpg?strip=all\" alt=\"\" class=\"envira-gallery-image envira-gallery-image-1    envira-lazy\" height=\"480\" id=\"envira-gallery-image-2398\" srcset=\"data:image\/gif;base64,R0lGODlhAQABAIAAAP\/\/\/\/\/\/\/yH5BAEKAAEALAAAAAABAAEAAAICTAEAOw==\" tabindex=\"-1\" title=\"PHOTO-2021-06-10-20-06-11-2\" width=\"640\" data-caption=\"\" data-envira-gallery-id=\"2572\" data-envira-index=\"0\" data-envira-item-id=\"2398\" data-envira-src=\"https:\/\/images.bluetemitstil.de\/wp-content\/uploads\/2025\/07\/PHOTO-2021-06-10-20-06-11-2-768x1024.jpg?strip=all\" data-envira-srcset=\"https:\/\/images.bluetemitstil.de\/wp-content\/uploads\/2025\/07\/PHOTO-2021-06-10-20-06-11-2-768x1024.jpg?strip=all 400w, https:\/\/images.bluetemitstil.de\/wp-content\/uploads\/2025\/07\/PHOTO-2021-06-10-20-06-11-2-768x1024.jpg?strip=all 2x\" data-title=\"PHOTO-2021-06-10-20-06-11-2\" itemprop=\"thumbnailUrl\"  data-envirabox=\"2572\" \/><\/div><\/a><div class=\"envira-gallery-captioned-data envira-gallery-captioned-data-base\"><\/div><\/div><\/div><\/div><\/div><noscript><img src='https:\/\/images.bluetemitstil.de\/wp-content\/uploads\/2025\/07\/PHOTO-2021-06-10-20-06-11-2.jpg?strip=all&w=1200' alt='' class='envira_noscript_images ' \/><\/noscript><\/div>\n<\/div>\n<\/div>\n<\/div>\n<\/div>\n<\/section><\/div>\n<p><!-- version:1767781648 --><\/p>\n","protected":false},"excerpt":{"rendered":"<p>GARTENGESTALTUNG Unser Gartenbau erf\u00fcllt all Ihre W\u00fcnsche hinsichtlich B\u00e4umen, Str\u00e4ucher, Pflanzen und Blumen und die erforderliche Technik zur Gartenpflege. Gerne sind wir auch in diesem Bereich gestalterisch f\u00fcr sie t\u00e4tig. Sprechen Sie uns gerne auf die individuell anpassbaren Pakete an, wir stehen ihnen mit Rat und Tat zur Seite. B\u00e4ume sind Gedichte, die die Erde [&hellip;]<\/p>\n","protected":false},"author":1,"featured_media":0,"parent":304,"menu_order":0,"comment_status":"closed","ping_status":"closed","template":"","meta":{"_seopress_robots_primary_cat":"","_seopress_titles_title":"Gartengestaltung | Erf\u00fcllen Sie Ihre W\u00fcnsche mit unserem Gartenbau","_seopress_titles_desc":"Ihr professioneller Partner f\u00fcr individuelle Gartengestaltung und -pflege. Erf\u00fcllen Sie sich Ihre W\u00fcnsche mit unseren ma\u00dfgeschneiderten Leistungspaketen.","_seopress_robots_index":"","footnotes":""},"class_list":["post-307","page","type-page","status-publish","hentry","wpbf-post"],"brizy_media":[{"id":829,"url":"https:\/\/bluetemitstil.de\/wp-content\/uploads\/brizy\/307\/assets\/images\/2e5f9f951ea924e81182a84b55bd6fdf.png","name":"2e5f9f951ea924e81182a84b55bd6fdf.png","meta":{"brizy_attachment_uid":"2e5f9f951ea924e81182a84b55bd6fdf.png","brizy_post_uid":["03e6a6563d199d7b5c2a8baa8df8fe93"]}},{"id":840,"url":"https:\/\/bluetemitstil.de\/wp-content\/uploads\/2021\/09\/ifmqouokaoa.jpg","name":"foto-von-chuttersnap","meta":{"brizy_attachment_uid":"wp-b5907175ad03e20035b7440d9787353d.jpg","brizy_post_uid":["03e6a6563d199d7b5c2a8baa8df8fe93"]}},{"id":843,"url":"https:\/\/bluetemitstil.de\/wp-content\/uploads\/2021\/09\/knr12j1uwhq.jpg","name":"foto-von-bangkokrush","meta":{"brizy_attachment_uid":"wp-3395a335e2bbbc66406b6c90ecebca23.jpg","brizy_post_uid":["03e6a6563d199d7b5c2a8baa8df8fe93"]}},{"id":850,"url":"https:\/\/bluetemitstil.de\/wp-content\/uploads\/2021\/09\/beautiful-skyscraper-with-architecture-building-around-city-scaled.jpg","name":"beautiful-skyscraper-with-architecture-building-around-city.jpg","meta":{"brizy_attachment_uid":"wp-4aa75e5b9219717631d172606111a7a6.jpg","brizy_post_uid":["03e6a6563d199d7b5c2a8baa8df8fe93","bd1f247448d72be6c6554205865402c7"]}}],"_links":{"self":[{"href":"https:\/\/bluetemitstil.de\/en\/wp-json\/wp\/v2\/pages\/307","targetHints":{"allow":["GET"]}}],"collection":[{"href":"https:\/\/bluetemitstil.de\/en\/wp-json\/wp\/v2\/pages"}],"about":[{"href":"https:\/\/bluetemitstil.de\/en\/wp-json\/wp\/v2\/types\/page"}],"author":[{"embeddable":true,"href":"https:\/\/bluetemitstil.de\/en\/wp-json\/wp\/v2\/users\/1"}],"replies":[{"embeddable":true,"href":"https:\/\/bluetemitstil.de\/en\/wp-json\/wp\/v2\/comments?post=307"}],"version-history":[{"count":1,"href":"https:\/\/bluetemitstil.de\/en\/wp-json\/wp\/v2\/pages\/307\/revisions"}],"predecessor-version":[{"id":2573,"href":"https:\/\/bluetemitstil.de\/en\/wp-json\/wp\/v2\/pages\/307\/revisions\/2573"}],"up":[{"embeddable":true,"href":"https:\/\/bluetemitstil.de\/en\/wp-json\/wp\/v2\/pages\/304"}],"wp:attachment":[{"href":"https:\/\/bluetemitstil.de\/en\/wp-json\/wp\/v2\/media?parent=307"}],"curies":[{"name":"wp","href":"https:\/\/api.w.org\/{rel}","templated":true}]}}